{"id":40445,"date":"2025-12-13T23:40:30","date_gmt":"2025-12-14T04:40:30","guid":{"rendered":"\/?page_id=40445"},"modified":"2025-12-14T09:33:54","modified_gmt":"2025-12-14T14:33:54","slug":"christmas-december-14-16","status":"publish","type":"page","link":"\/es\/christmas-december-14-16\/","title":{"rendered":"CHRISTMAS | December 14 &#8211; 16"},"content":{"rendered":"<p>[et_pb_section fb_built=&#8221;1&#8243; fullwidth=&#8221;on&#8221; module_id=&#8221;back-to-top&#8221; _builder_version=&#8221;4.27.4&#8243; _module_preset=&#8221;default&#8221; background_image=&#8221;https:\/\/d1jeyrxw15fk4e.cloudfront.net\/wp-content\/uploads\/2025\/11\/Christmas-Banner-4.png&#8221; parallax=&#8221;on&#8221; locked=&#8221;off&#8221; global_colors_info=&#8221;{}&#8221;][et_pb_fullwidth_image src=&#8221;https:\/\/d1jeyrxw15fk4e.cloudfront.net\/wp-content\/uploads\/2025\/11\/12-days-of-Christmas-1.png&#8221; alt=&#8221;Los 12 d\u00edas de Navidad&#8221; title_text=&#8221;Los 12 d\u00edas de Navidad&#8221; _builder_version=&#8221;4.27.4&#8243; _module_preset=&#8221;default&#8221; background_enable_image=&#8221;off&#8221; parallax=&#8221;on&#8221; width=&#8221;25%&#8221; module_alignment=&#8221;center&#8221; locked=&#8221;off&#8221; global_colors_info=&#8221;{}&#8221;][\/et_pb_fullwidth_image][\/et_pb_section][et_pb_section fb_built=&#8221;1&#8243; admin_label=&#8221;Features&#8221; _builder_version=&#8221;4.16&#8243; custom_padding=&#8221;0px||0px|||&#8221; locked=&#8221;off&#8221; collapsed=&#8221;off&#8221; global_colors_info=&#8221;{}&#8221;][et_pb_row _builder_version=&#8221;4.27.4&#8243; _module_preset=&#8221;default&#8221; width=&#8221;40%&#8221; module_alignment=&#8221;center&#8221; min_height=&#8221;218.8px&#8221; custom_margin=&#8221;|auto|||false|false&#8221; custom_padding=&#8221;||||false|false&#8221; global_colors_info=&#8221;{}&#8221;][et_pb_column type=&#8221;4_4&#8243; _builder_version=&#8221;4.27.4&#8243; _module_preset=&#8221;default&#8221; global_colors_info=&#8221;{}&#8221;][et_pb_text _builder_version=&#8221;4.27.4&#8243; text_font=&#8221;&#8211;et_global_heading_font||||||||&#8221; header_font=&#8221;&#8211;et_global_heading_font||||||||&#8221; header_line_height=&#8221;1.2em&#8221; header_2_font=&#8221;Brice|700||on|||||&#8221; header_2_text_align=&#8221;center&#8221; header_2_font_size=&#8221;40px&#8221; header_2_letter_spacing=&#8221;4px&#8221; module_alignment=&#8221;right&#8221; custom_margin=&#8221;100px||10px||false|false&#8221; custom_padding=&#8221;|||&#8221; animation_style=&#8221;fade&#8221; locked=&#8221;off&#8221; global_colors_info=&#8221;{}&#8221;]<\/p>\n<h2>14\u201316 de diciembre<\/h2>\n<p>[\/et_pb_text][et_pb_divider color=&#8221;gcid-primary-color&#8221; divider_weight=&#8221;2px&#8221; disabled_on=&#8221;off|off|off&#8221; _builder_version=&#8221;4.27.4&#8243; max_width=&#8221;100px&#8221; module_alignment=&#8221;center&#8221; max_height=&#8221;1090px&#8221; animation_style=&#8221;fade&#8221; custom_css_main_element=&#8221;||&#8221; locked=&#8221;off&#8221; global_colors_info=&#8221;{%22gcid-primary-color%22:%91%22color%22%93}&#8221;][\/et_pb_divider][\/et_pb_column][\/et_pb_row][\/et_pb_section][et_pb_section fb_built=&#8221;1&#8243; admin_label=&#8221;Popular Product Section&#8221; _builder_version=&#8221;4.27.4&#8243; custom_padding=&#8221;70px|0px|0px|0px||&#8221; locked=&#8221;off&#8221; collapsed=&#8221;off&#8221; global_colors_info=&#8221;{}&#8221;][et_pb_row column_structure=&#8221;1_2,1_2&#8243; _builder_version=&#8221;4.27.4&#8243; max_width=&#8221;1280px&#8221; custom_padding=&#8221;|||&#8221; use_custom_width=&#8221;on&#8221; custom_width_px=&#8221;1280px&#8221; collapsed=&#8221;off&#8221; global_colors_info=&#8221;{}&#8221;][et_pb_column type=&#8221;1_2&#8243; _builder_version=&#8221;4.16&#8243; custom_padding=&#8221;40px||40px|&#8221; global_colors_info=&#8221;{}&#8221; custom_padding__hover=&#8221;|||&#8221;][et_pb_text admin_label=&#8221;Subtitle&#8221; _builder_version=&#8221;4.27.4&#8243; text_font=&#8221;Brice|700||on|||||&#8221; text_text_color=&#8221;#c42d31&#8243; text_font_size=&#8221;50px&#8221; text_letter_spacing=&#8221;4px&#8221; animation_style=&#8221;zoom&#8221; animation_direction=&#8221;left&#8221; animation_intensity_zoom=&#8221;10%&#8221; global_colors_info=&#8221;{}&#8221;]<\/p>\n<p>01<\/p>\n<p>[\/et_pb_text][et_pb_divider color=&#8221;gcid-primary-color&#8221; divider_weight=&#8221;2px&#8221; disabled_on=&#8221;on|on|off&#8221; _builder_version=&#8221;4.27.4&#8243; max_width=&#8221;85px&#8221; custom_padding=&#8221;10px||||false|false&#8221; animation_style=&#8221;fade&#8221; locked=&#8221;off&#8221; global_colors_info=&#8221;{%22gcid-primary-color%22:%91%22color%22%93}&#8221;][\/et_pb_divider][et_pb_text admin_label=&#8221;Title&#8221; _builder_version=&#8221;4.27.4&#8243; text_font=&#8221;||||||||&#8221; header_font=&#8221;||||||||&#8221; header_2_font=&#8221;Brice|500||on|||||&#8221; header_2_font_size=&#8221;52px&#8221; header_2_letter_spacing=&#8221;4px&#8221; header_2_line_height=&#8221;1.1em&#8221; custom_margin=&#8221;||20px|&#8221; custom_padding=&#8221;|||&#8221; animation_style=&#8221;zoom&#8221; animation_direction=&#8221;left&#8221; animation_delay=&#8221;50ms&#8221; animation_intensity_zoom=&#8221;10%&#8221; header_2_font_size_tablet=&#8221;40px&#8221; header_2_font_size_phone=&#8221;&#8221; header_2_font_size_last_edited=&#8221;on|desktop&#8221; global_colors_info=&#8221;{}&#8221;]<\/p>\n<h2>\u00a1Citrus Bliss est\u00e1 de regreso!<\/h2>\n<p>[\/et_pb_text][et_pb_text _builder_version=&#8221;4.27.4&#8243; text_font=&#8221;&#8211;et_global_body_font||||||||&#8221; text_text_color=&#8221;#000000&#8243; text_font_size=&#8221;20px&#8221; text_line_height=&#8221;1.8em&#8221; header_font=&#8221;||||||||&#8221; custom_margin=&#8221;|||&#8221; custom_padding=&#8221;|||&#8221; animation_style=&#8221;zoom&#8221; animation_direction=&#8221;left&#8221; animation_delay=&#8221;100ms&#8221; animation_intensity_zoom=&#8221;10%&#8221; global_colors_info=&#8221;{}&#8221;]<\/p>\n<p>Tu exfoliante corporal c\u00edtrico favorito est\u00e1 de regreso, \u00a1justo a tiempo para las fiestas! Citrus Bliss ofrece un aroma fresco y vibrante, junto con una exfoliaci\u00f3n sedosa que lo convierte en el regalo o capricho de autocuidado perfecto. <\/p>\n<p>[\/et_pb_text][et_pb_button button_url=&#8221;\/es\/citrus-bliss\/&#8221; button_text=&#8221;COMPRAR BLISS&#8221; button_alignment=&#8221;left&#8221; _builder_version=&#8221;4.27.4&#8243; _module_preset=&#8221;default&#8221; custom_button=&#8221;on&#8221; button_text_color=&#8221;gcid-c1e65ad5-daf3-4cb0-9503-9cae69ffb2ad&#8221; button_border_width=&#8221;3px&#8221; button_border_color=&#8221;gcid-c1e65ad5-daf3-4cb0-9503-9cae69ffb2ad&#8221; hover_enabled=&#8221;0&#8243; locked=&#8221;off&#8221; global_colors_info=&#8221;{%22gcid-c1e65ad5-daf3-4cb0-9503-9cae69ffb2ad%22:%91%22button_text_color%22,%22button_text_color__hover%22,%22button_border_color%22,%22button_border_color__hover%22%93}&#8221; button_text_color__hover_enabled=&#8221;on|hover&#8221; button_text_color__hover=&#8221;#c42d31&#8243; button_border_color__hover_enabled=&#8221;on|hover&#8221; button_border_color__hover=&#8221;#c42d31&#8243; sticky_enabled=&#8221;0&#8243;][\/et_pb_button][\/et_pb_column][et_pb_column type=&#8221;1_2&#8243; _builder_version=&#8221;4.27.4&#8243; _module_preset=&#8221;default&#8221; global_colors_info=&#8221;{}&#8221;][et_pb_image src=&#8221;\/wp-content\/uploads\/2025\/11\/Citrus-Bliss.png&#8221; alt=&#8221;Citrus Bliss&#8221; title_text=&#8221;Citrus Bliss&#8221; align=&#8221;center&#8221; align_tablet=&#8221;center&#8221; align_phone=&#8221;center&#8221; align_last_edited=&#8221;on|desktop&#8221; _builder_version=&#8221;4.27.4&#8243; width=&#8221;80%&#8221; custom_margin=&#8221;|||&#8221; animation_style=&#8221;slide&#8221; animation_direction=&#8221;right&#8221; animation_intensity_slide=&#8221;4%&#8221; animation=&#8221;off&#8221; locked=&#8221;off&#8221; global_colors_info=&#8221;{}&#8221;][\/et_pb_image][\/et_pb_column][\/et_pb_row][\/et_pb_section][et_pb_section fb_built=&#8221;1&#8243; admin_label=&#8221;Popular Product Section&#8221; _builder_version=&#8221;4.27.4&#8243; custom_padding=&#8221;0px|0px|0px|0px||&#8221; collapsed=&#8221;off&#8221; global_colors_info=&#8221;{}&#8221;][et_pb_row column_structure=&#8221;1_2,1_2&#8243; _builder_version=&#8221;4.27.4&#8243; max_width=&#8221;1280px&#8221; custom_padding=&#8221;50px|||||&#8221; use_custom_width=&#8221;on&#8221; custom_width_px=&#8221;1280px&#8221; collapsed=&#8221;off&#8221; global_colors_info=&#8221;{}&#8221;][et_pb_column type=&#8221;1_2&#8243; _builder_version=&#8221;4.16&#8243; custom_padding=&#8221;|||&#8221; global_colors_info=&#8221;{}&#8221; custom_padding__hover=&#8221;|||&#8221;][et_pb_image src=&#8221;https:\/\/d1jeyrxw15fk4e.cloudfront.net\/wp-content\/uploads\/2025\/11\/BYDESIGN-Products-1.png&#8221; alt=&#8221;Merry &amp; Bright Drawing&#8221; title_text=&#8221;Merry &amp; Bright Drawing&#8221; align=&#8221;center&#8221; align_tablet=&#8221;center&#8221; align_phone=&#8221;center&#8221; align_last_edited=&#8221;on|desktop&#8221; _builder_version=&#8221;4.27.4&#8243; width=&#8221;86%&#8221; custom_margin=&#8221;|||&#8221; animation_style=&#8221;slide&#8221; animation_direction=&#8221;right&#8221; animation_intensity_slide=&#8221;4%&#8221; animation=&#8221;off&#8221; global_colors_info=&#8221;{}&#8221;][\/et_pb_image][\/et_pb_column][et_pb_column type=&#8221;1_2&#8243; _builder_version=&#8221;4.16&#8243; custom_padding=&#8221;40px||40px|&#8221; global_colors_info=&#8221;{}&#8221; custom_padding__hover=&#8221;|||&#8221;][et_pb_text admin_label=&#8221;Subtitle&#8221; _builder_version=&#8221;4.27.4&#8243; text_font=&#8221;Brice|700||on|||||&#8221; text_text_color=&#8221;#c42d31&#8243; text_font_size=&#8221;50px&#8221; text_letter_spacing=&#8221;4px&#8221; animation_style=&#8221;zoom&#8221; animation_direction=&#8221;left&#8221; animation_intensity_zoom=&#8221;10%&#8221; global_colors_info=&#8221;{}&#8221;]<\/p>\n<p>02<\/p>\n<p>[\/et_pb_text][et_pb_divider color=&#8221;gcid-primary-color&#8221; divider_weight=&#8221;2px&#8221; disabled_on=&#8221;on|on|off&#8221; _builder_version=&#8221;4.27.4&#8243; max_width=&#8221;85px&#8221; custom_margin=&#8221;||||false|false&#8221; custom_padding=&#8221;10px||||false|false&#8221; animation_style=&#8221;fade&#8221; locked=&#8221;off&#8221; global_colors_info=&#8221;{%22gcid-primary-color%22:%91%22color%22%93}&#8221;][\/et_pb_divider][et_pb_text admin_label=&#8221;Title&#8221; _builder_version=&#8221;4.27.4&#8243; text_font=&#8221;||||||||&#8221; header_font=&#8221;||||||||&#8221; header_2_font=&#8221;Brice|500||on|||||&#8221; header_2_text_color=&#8221;gcid-primary-color&#8221; header_2_font_size=&#8221;52px&#8221; header_2_letter_spacing=&#8221;4px&#8221; header_2_line_height=&#8221;1.1em&#8221; custom_margin=&#8221;||20px|&#8221; custom_padding=&#8221;|||&#8221; animation_style=&#8221;zoom&#8221; animation_direction=&#8221;left&#8221; animation_delay=&#8221;50ms&#8221; animation_intensity_zoom=&#8221;10%&#8221; header_2_font_size_tablet=&#8221;40px&#8221; header_2_font_size_phone=&#8221;&#8221; header_2_font_size_last_edited=&#8221;on|desktop&#8221; global_colors_info=&#8221;{%22gcid-primary-color%22:%91%22header_2_text_color%22%93}&#8221;]<\/p>\n<h2>Paquete Merry and Bright<\/h2>\n<p>[\/et_pb_text][et_pb_text _builder_version=&#8221;4.27.4&#8243; text_font=&#8221;&#8211;et_global_body_font||||||||&#8221; text_text_color=&#8221;#000000&#8243; text_font_size=&#8221;20px&#8221; text_line_height=&#8221;1.8em&#8221; header_font=&#8221;||||||||&#8221; custom_margin=&#8221;|||&#8221; custom_padding=&#8221;|||&#8221; animation_style=&#8221;zoom&#8221; animation_direction=&#8221;left&#8221; animation_delay=&#8221;100ms&#8221; animation_intensity_zoom=&#8221;10%&#8221; global_colors_info=&#8221;{}&#8221;]<\/p>\n<p>Lleva tu compra de Citrus Bliss al siguiente nivel con el Paquete Merry and Bright. Combinado con nuestro Strawberry Kiwi Hydrate y el Peach Dream Rush Extreme por tiempo limitado, este tr\u00edo te har\u00e1 lucir y sentirte incre\u00edble durante esta temporada navide\u00f1a. <\/p>\n<p>[\/et_pb_text][et_pb_button button_url=&#8221;\/es\/merry-and-bright\/&#8221; button_text=&#8221;SHOP MERRY &amp; BRIGHT&#8221; button_alignment=&#8221;left&#8221; _builder_version=&#8221;4.27.4&#8243; _module_preset=&#8221;default&#8221; custom_button=&#8221;on&#8221; button_text_color=&#8221;gcid-c1e65ad5-daf3-4cb0-9503-9cae69ffb2ad&#8221; button_border_width=&#8221;3px&#8221; button_border_color=&#8221;gcid-c1e65ad5-daf3-4cb0-9503-9cae69ffb2ad&#8221; locked=&#8221;off&#8221; global_colors_info=&#8221;{%22gcid-c1e65ad5-daf3-4cb0-9503-9cae69ffb2ad%22:%91%22button_text_color%22,%22button_text_color__hover%22,%22button_border_color%22,%22button_border_color__hover%22%93}&#8221; button_text_color__hover_enabled=&#8221;on|hover&#8221; button_text_color__hover=&#8221;#c42d31&#8243; button_border_color__hover_enabled=&#8221;on|hover&#8221; button_border_color__hover=&#8221;#c42d31&#8243;][\/et_pb_button][\/et_pb_column][\/et_pb_row][\/et_pb_section][et_pb_section fb_built=&#8221;1&#8243; admin_label=&#8221;Popular Product Section&#8221; _builder_version=&#8221;4.27.4&#8243; custom_padding=&#8221;70px|0px|0px|0px||&#8221; locked=&#8221;off&#8221; collapsed=&#8221;off&#8221; global_colors_info=&#8221;{}&#8221;][et_pb_row column_structure=&#8221;1_2,1_2&#8243; _builder_version=&#8221;4.27.4&#8243; max_width=&#8221;1280px&#8221; custom_padding=&#8221;|||&#8221; use_custom_width=&#8221;on&#8221; custom_width_px=&#8221;1280px&#8221; collapsed=&#8221;off&#8221; global_colors_info=&#8221;{}&#8221;][et_pb_column type=&#8221;1_2&#8243; _builder_version=&#8221;4.16&#8243; custom_padding=&#8221;40px||40px|&#8221; global_colors_info=&#8221;{}&#8221; custom_padding__hover=&#8221;|||&#8221;][et_pb_text admin_label=&#8221;Subtitle&#8221; _builder_version=&#8221;4.27.4&#8243; text_font=&#8221;Brice|700||on|||||&#8221; text_text_color=&#8221;#c42d31&#8243; text_font_size=&#8221;50px&#8221; text_letter_spacing=&#8221;4px&#8221; animation_style=&#8221;zoom&#8221; animation_direction=&#8221;left&#8221; animation_intensity_zoom=&#8221;10%&#8221; global_colors_info=&#8221;{}&#8221;]<\/p>\n<p>03<\/p>\n<p>[\/et_pb_text][et_pb_divider color=&#8221;gcid-primary-color&#8221; divider_weight=&#8221;2px&#8221; disabled_on=&#8221;on|on|off&#8221; _builder_version=&#8221;4.27.4&#8243; max_width=&#8221;85px&#8221; custom_padding=&#8221;10px||||false|false&#8221; animation_style=&#8221;fade&#8221; locked=&#8221;off&#8221; global_colors_info=&#8221;{%22gcid-primary-color%22:%91%22color%22%93}&#8221;][\/et_pb_divider][et_pb_text admin_label=&#8221;Title&#8221; _builder_version=&#8221;4.27.4&#8243; text_font=&#8221;||||||||&#8221; header_font=&#8221;||||||||&#8221; header_2_font=&#8221;Brice|500||on|||||&#8221; header_2_font_size=&#8221;52px&#8221; header_2_letter_spacing=&#8221;4px&#8221; header_2_line_height=&#8221;1.1em&#8221; custom_margin=&#8221;||20px|&#8221; custom_padding=&#8221;|||&#8221; animation_style=&#8221;zoom&#8221; animation_direction=&#8221;left&#8221; animation_delay=&#8221;50ms&#8221; animation_intensity_zoom=&#8221;10%&#8221; header_2_font_size_tablet=&#8221;40px&#8221; header_2_font_size_phone=&#8221;&#8221; header_2_font_size_last_edited=&#8221;on|desktop&#8221; global_colors_info=&#8221;{}&#8221;]<\/p>\n<h2>10% DE DESCUENTO<\/h2>\n<p>[\/et_pb_text][et_pb_text _builder_version=&#8221;4.27.4&#8243; text_font=&#8221;&#8211;et_global_body_font||||||||&#8221; text_text_color=&#8221;#000000&#8243; text_font_size=&#8221;20px&#8221; text_line_height=&#8221;1.8em&#8221; header_font=&#8221;||||||||&#8221; custom_margin=&#8221;|||&#8221; custom_padding=&#8221;|||&#8221; animation_style=&#8221;zoom&#8221; animation_direction=&#8221;left&#8221; animation_delay=&#8221;100ms&#8221; animation_intensity_zoom=&#8221;10%&#8221; global_colors_info=&#8221;{}&#8221;]<\/p>\n<p>Mantente enfocado durante el ajetreo de las fiestas con nuestro Paquete D\u00fao Golden Focus. Este par dise\u00f1ado para potenciar la concentraci\u00f3n ahora tiene 10% de descuento, lo que lo convierte en el momento perfecto para abastecerte o comprarlo como regalo. <\/p>\n<p>[\/et_pb_text][et_pb_button button_url=&#8221;\/es\/duo-golden-focus\/&#8221; button_text=&#8221;COMPRAR D\u00daO GOLDEN FOCUS&#8221; button_alignment=&#8221;left&#8221; _builder_version=&#8221;4.27.4&#8243; _module_preset=&#8221;default&#8221; custom_button=&#8221;on&#8221; button_text_color=&#8221;gcid-c1e65ad5-daf3-4cb0-9503-9cae69ffb2ad&#8221; button_border_width=&#8221;3px&#8221; button_border_color=&#8221;gcid-c1e65ad5-daf3-4cb0-9503-9cae69ffb2ad&#8221; locked=&#8221;off&#8221; global_colors_info=&#8221;{%22gcid-c1e65ad5-daf3-4cb0-9503-9cae69ffb2ad%22:%91%22button_text_color%22,%22button_text_color__hover%22,%22button_border_color%22,%22button_border_color__hover%22%93}&#8221; button_text_color__hover_enabled=&#8221;on|hover&#8221; button_text_color__hover=&#8221;#c42d31&#8243; button_border_color__hover_enabled=&#8221;on|hover&#8221; button_border_color__hover=&#8221;#c42d31&#8243;][\/et_pb_button][\/et_pb_column][et_pb_column type=&#8221;1_2&#8243; _builder_version=&#8221;4.27.4&#8243; _module_preset=&#8221;default&#8221; global_colors_info=&#8221;{}&#8221;][et_pb_image src=&#8221;https:\/\/d1jeyrxw15fk4e.cloudfront.net\/wp-content\/uploads\/2025\/11\/Golden-Focus-Duo-1.png&#8221; alt=&#8221;D\u00daO GOLDEN FOCUS&#8221; title_text=&#8221;D\u00daO GOLDEN FOCUS&#8221; align=&#8221;center&#8221; align_tablet=&#8221;center&#8221; align_phone=&#8221;center&#8221; align_last_edited=&#8221;on|desktop&#8221; _builder_version=&#8221;4.27.4&#8243; width=&#8221;80%&#8221; custom_margin=&#8221;|||&#8221; animation_style=&#8221;slide&#8221; animation_direction=&#8221;right&#8221; animation_intensity_slide=&#8221;4%&#8221; animation=&#8221;off&#8221; locked=&#8221;off&#8221; global_colors_info=&#8221;{}&#8221;][\/et_pb_image][\/et_pb_column][\/et_pb_row][\/et_pb_section][et_pb_section fb_built=&#8221;1&#8243; _builder_version=&#8221;4.16&#8243; _module_preset=&#8221;default&#8221; min_height=&#8221;157.2px&#8221; custom_padding=&#8221;||0px|||&#8221; locked=&#8221;off&#8221; global_colors_info=&#8221;{}&#8221;][\/et_pb_section][et_pb_section fb_built=&#8221;1&#8243; _builder_version=&#8221;4.27.4&#8243; _module_preset=&#8221;default&#8221; locked=&#8221;off&#8221; global_colors_info=&#8221;{}&#8221;][et_pb_row _builder_version=&#8221;4.27.4&#8243; _module_preset=&#8221;default&#8221; custom_padding=&#8221;0px|||||&#8221; global_colors_info=&#8221;{}&#8221;][et_pb_column type=&#8221;4_4&#8243; _builder_version=&#8221;4.27.4&#8243; _module_preset=&#8221;default&#8221; global_colors_info=&#8221;{}&#8221;][et_pb_text admin_label=&#8221;Look Inside Sub Title&#8221; _builder_version=&#8221;4.27.4&#8243; text_font=&#8221;Lato||||||||&#8221; text_text_color=&#8221;#1a1a1a&#8221; text_font_size=&#8221;16px&#8221; text_line_height=&#8221;1.4em&#8221; header_font=&#8221;Brice||||||||&#8221; header_font_size=&#8221;40px&#8221; background_size=&#8221;initial&#8221; background_position=&#8221;top_left&#8221; background_repeat=&#8221;repeat&#8221; text_orientation=&#8221;right&#8221; max_width=&#8221;1879px&#8221; module_alignment=&#8221;right&#8221; min_height=&#8221;79.9px&#8221; custom_margin=&#8221;20px||3px|||&#8221; custom_padding=&#8221;0px||2px|||&#8221; animation_style=&#8221;slide&#8221; animation_direction=&#8221;top&#8221; animation_delay=&#8221;200ms&#8221; animation_intensity_slide=&#8221;10%&#8221; locked=&#8221;off&#8221; global_colors_info=&#8221;{}&#8221;]<\/p>\n<h1 style=\"text-align: center;\">Todas las ofertas exclusivas y los productos por tiempo limitado terminan el 13 de diciembre a las 11:59 p. m. ET.<\/h1>\n<h1 style=\"text-align: center;\">Hasta agotar existencias.<\/h1>\n<p>[\/et_pb_text][et_pb_countdown_timer title=&#8221;\u00a1APROVECHA AHORA ANTES DE QUE SE AGOTE!&#8221; date_time=&#8221;2025-12-17 00:00&#8243; _builder_version=&#8221;4.27.4&#8243; _module_preset=&#8221;default&#8221; global_colors_info=&#8221;{}&#8221;][\/et_pb_countdown_timer][\/et_pb_column][\/et_pb_row][et_pb_row _builder_version=&#8221;4.27.4&#8243; _module_preset=&#8221;default&#8221; global_colors_info=&#8221;{}&#8221;][et_pb_column type=&#8221;4_4&#8243; _builder_version=&#8221;4.27.4&#8243; _module_preset=&#8221;default&#8221; global_colors_info=&#8221;{}&#8221;][et_pb_button button_url=&#8221;#back-to-top&#8221; button_text=&#8221;VOLVER ARRIBA&#8221; button_alignment=&#8221;center&#8221; _builder_version=&#8221;4.27.4&#8243; _module_preset=&#8221;default&#8221; custom_button=&#8221;on&#8221; button_text_color=&#8221;gcid-c1e65ad5-daf3-4cb0-9503-9cae69ffb2ad&#8221; button_border_width=&#8221;3px&#8221; button_border_color=&#8221;gcid-c1e65ad5-daf3-4cb0-9503-9cae69ffb2ad&#8221; locked=&#8221;off&#8221; global_colors_info=&#8221;{%22gcid-c1e65ad5-daf3-4cb0-9503-9cae69ffb2ad%22:%91%22button_text_color%22,%22button_text_color__hover%22,%22button_border_color%22,%22button_border_color__hover%22%93}&#8221; button_text_color__hover_enabled=&#8221;on|hover&#8221; button_text_color__hover=&#8221;#c42d31&#8243; button_border_color__hover_enabled=&#8221;on|hover&#8221; button_border_color__hover=&#8221;#c42d31&#8243;][\/et_pb_button][\/et_pb_column][\/et_pb_row][\/et_pb_section]<\/p>\n","protected":false},"excerpt":{"rendered":"<p>14\u201316 de diciembre01\u00a1Citrus Bliss est\u00e1 de regreso!Tu exfoliante corporal c\u00edtrico favorito est\u00e1 de regreso, \u00a1justo a tiempo para las fiestas! Citrus Bliss ofrece un aroma fresco y vibrante, junto con una exfoliaci\u00f3n sedosa que lo convierte en el regalo o capricho de autocuidado perfecto. 02Paquete Merry and BrightLleva tu compra de Citrus Bliss al siguiente [&hellip;]<\/p>\n","protected":false},"author":191432663,"featured_media":0,"parent":0,"menu_order":0,"comment_status":"closed","ping_status":"closed","template":"","meta":{"_et_pb_use_builder":"on","_et_pb_old_content":"","_et_gb_content_width":"","_coblocks_attr":"","_coblocks_dimensions":"","_coblocks_responsive_height":"","_coblocks_accordion_ie_support":"","footnotes":""},"class_list":["post-40445","page","type-page","status-publish","hentry"],"_links":{"self":[{"href":"https:\/\/samhinton.bravenlyglobal.com\/es\/wp-json\/wp\/v2\/pages\/40445","targetHints":{"allow":["GET"]}}],"collection":[{"href":"https:\/\/samhinton.bravenlyglobal.com\/es\/wp-json\/wp\/v2\/pages"}],"about":[{"href":"https:\/\/samhinton.bravenlyglobal.com\/es\/wp-json\/wp\/v2\/types\/page"}],"author":[{"embeddable":true,"href":"https:\/\/samhinton.bravenlyglobal.com\/es\/wp-json\/wp\/v2\/users\/191432663"}],"replies":[{"embeddable":true,"href":"https:\/\/samhinton.bravenlyglobal.com\/es\/wp-json\/wp\/v2\/comments?post=40445"}],"version-history":[{"count":5,"href":"https:\/\/samhinton.bravenlyglobal.com\/es\/wp-json\/wp\/v2\/pages\/40445\/revisions"}],"predecessor-version":[{"id":40567,"href":"https:\/\/samhinton.bravenlyglobal.com\/es\/wp-json\/wp\/v2\/pages\/40445\/revisions\/40567"}],"wp:attachment":[{"href":"https:\/\/samhinton.bravenlyglobal.com\/es\/wp-json\/wp\/v2\/media?parent=40445"}],"curies":[{"name":"wp","href":"https:\/\/api.w.org\/{rel}","templated":true}]}}